{"id":316,"date":"2022-12-27T18:43:52","date_gmt":"2022-12-27T18:43:52","guid":{"rendered":"https:\/\/demo.webtend.net\/wp\/jeena\/?page_id=316"},"modified":"2023-10-12T10:15:02","modified_gmt":"2023-10-12T08:15:02","slug":"home-it-solutions","status":"publish","type":"page","link":"https:\/\/googov.mx\/","title":{"rendered":"Home IT Solutions"},"content":{"rendered":"\t\t<div data-elementor-type=\"wp-page\" data-elementor-id=\"316\" class=\"elementor elementor-316\">\n\t\t\t\t\t\t\t\t\t<section class=\"elementor-section elementor-top-section elementor-element elementor-element-b15ca0c elementor-section-full_width elementor-section-height-default elementor-section-height-default\" data-id=\"b15ca0c\" data-element_type=\"section\">\n\t\t\t\t\t\t<div class=\"elementor-container elementor-column-gap-default\">\n\t\t\t\t\t<div class=\"elementor-column elementor-col-100 elementor-top-column elementor-element elementor-element-8296e02\" data-id=\"8296e02\" data-element_type=\"column\">\n\t\t\t<div class=\"elementor-widget-wrap elementor-element-populated\">\n\t\t\t\t\t\t\t\t<section class=\"elementor-section elementor-inner-section elementor-element elementor-element-dc13362 elementor-section-content-middle elementor-section-boxed elementor-section-height-default elementor-section-height-default\" data-id=\"dc13362\" data-element_type=\"section\" data-settings=\"{&quot;background_background&quot;:&quot;classic&quot;}\">\n\t\t\t\t\t\t<div class=\"elementor-container elementor-column-gap-default\">\n\t\t\t\t\t<div class=\"elementor-column elementor-col-50 elementor-inner-column elementor-element elementor-element-cee7d74\" data-id=\"cee7d74\" data-element_type=\"column\">\n\t\t\t<div class=\"elementor-widget-wrap elementor-element-populated\">\n\t\t\t\t\t\t\t\t<div class=\"elementor-element elementor-element-8f3cba4 elementor-invisible elementor-widget elementor-widget-jeena-advanced-heading\" data-id=\"8f3cba4\" data-element_type=\"widget\" data-settings=\"{&quot;_animation&quot;:&quot;fadeInLeft&quot;}\" data-widget_type=\"jeena-advanced-heading.default\">\n\t\t\t\t<div class=\"elementor-widget-container\">\n\t\t\t        <div class=\"jeena-advanced-heading line-style-before\">\r\n                        <div class=\"subheading\">\r\n                <span >Goovov<\/span><span class=\"line line-before\"><\/span>            <\/div>\r\n                        <h1 class=\"main-heading\"><span class=\"main-text\">PASI\u00d3N POR LA INNOVACI\u00d3N<\/span><\/h1>        <\/div>\r\n        \t\t<\/div>\n\t\t\t\t<\/div>\n\t\t\t\t<div class=\"elementor-element elementor-element-bcd6316 elementor-invisible elementor-widget elementor-widget-text-editor\" data-id=\"bcd6316\" data-element_type=\"widget\" data-settings=\"{&quot;_animation&quot;:&quot;fadeInLeft&quot;}\" data-widget_type=\"text-editor.default\">\n\t\t\t\t<div class=\"elementor-widget-container\">\n\t\t\t<style>\/*! elementor - v3.16.0 - 09-10-2023 *\/\n.elementor-widget-text-editor.elementor-drop-cap-view-stacked .elementor-drop-cap{background-color:#69727d;color:#fff}.elementor-widget-text-editor.elementor-drop-cap-view-framed .elementor-drop-cap{color:#69727d;border:3px solid;background-color:transparent}.elementor-widget-text-editor:not(.elementor-drop-cap-view-default) .elementor-drop-cap{margin-top:8px}.elementor-widget-text-editor:not(.elementor-drop-cap-view-default) .elementor-drop-cap-letter{width:1em;height:1em}.elementor-widget-text-editor .elementor-drop-cap{float:left;text-align:center;line-height:1;font-size:50px}.elementor-widget-text-editor .elementor-drop-cap-letter{display:inline-block}<\/style>\t\t\t\t<section id=\"h.57e86fb38005ca25_41\" class=\"yaqOZd lQAHbd\"><div class=\"mYVXT\"><div class=\"LS81yb VICjCf j5pSsc db35Fc chg4Jd\" tabindex=\"-1\"><div class=\"hJDwNd-AhqUyc-uQSCkd Ft7HRd-AhqUyc-uQSCkd purZT-AhqUyc-II5mzb ZcASvf-AhqUyc-II5mzb pSzOP-AhqUyc-qWD73c Ktthjf-AhqUyc-qWD73c JNdkSc SQVYQc\"><div class=\"JNdkSc-SmKAyb LkDMRd\"><div class=\"\"><div class=\"oKdM2c ZZyype Kzv0Me\"><div id=\"h.57e86fb38005ca25_38\" class=\"hJDwNd-AhqUyc-uQSCkd Ft7HRd-AhqUyc-uQSCkd jXK9ad D2fZ2 zu5uec OjCsFc dmUFtb wHaque g5GTcb\"><div class=\"jXK9ad-SmKAyb\"><div class=\"tyJCtd mGzaTb Depvyb baZpAe\"><p class=\"zfr3Q CDt4Ke \" dir=\"ltr\"><span class=\"Rn3Z1b C9DxTc \">\u00abNuestra pasi\u00f3n por la innovaci\u00f3n nos impulsa a colaborar con las organizaciones en la b\u00fasqueda de su transformaci\u00f3n \u00ab<\/span><\/p><\/div><\/div><\/div><\/div><\/div><\/div><\/div><\/div><\/div><\/section><section id=\"h.57e86fb38005ca25_42\" class=\"yaqOZd WxWicb lQAHbd\"><\/section>\t\t\t\t\t\t<\/div>\n\t\t\t\t<\/div>\n\t\t\t\t\t<\/div>\n\t\t<\/div>\n\t\t\t\t<div class=\"elementor-column elementor-col-50 elementor-inner-column elementor-element elementor-element-8fdca2a\" data-id=\"8fdca2a\" data-element_type=\"column\">\n\t\t\t<div class=\"elementor-widget-wrap elementor-element-populated\">\n\t\t\t\t\t\t\t\t<div class=\"elementor-element elementor-element-da8ae4c elementor-invisible elementor-widget elementor-widget-image\" data-id=\"da8ae4c\" data-element_type=\"widget\" data-settings=\"{&quot;_animation&quot;:&quot;fadeInUp&quot;}\" data-widget_type=\"image.default\">\n\t\t\t\t<div class=\"elementor-widget-container\">\n\t\t\t<style>\/*! elementor - v3.16.0 - 09-10-2023 *\/\n.elementor-widget-image{text-align:center}.elementor-widget-image a{display:inline-block}.elementor-widget-image a img[src$=\".svg\"]{width:48px}.elementor-widget-image img{vertical-align:middle;display:inline-block}<\/style>\t\t\t\t\t\t\t\t\t\t\t\t<img loading=\"lazy\" decoding=\"async\" width=\"2560\" height=\"1920\" src=\"https:\/\/googov.mx\/wp-content\/uploads\/2023\/10\/person-working-html-computer-scaled.jpg\" class=\"attachment-full size-full wp-image-3036\" alt=\"\" srcset=\"https:\/\/googov.mx\/wp-content\/uploads\/2023\/10\/person-working-html-computer-scaled.jpg 2560w, https:\/\/googov.mx\/wp-content\/uploads\/2023\/10\/person-working-html-computer-300x225.jpg 300w, https:\/\/googov.mx\/wp-content\/uploads\/2023\/10\/person-working-html-computer-1024x768.jpg 1024w, https:\/\/googov.mx\/wp-content\/uploads\/2023\/10\/person-working-html-computer-768x576.jpg 768w, https:\/\/googov.mx\/wp-content\/uploads\/2023\/10\/person-working-html-computer-1536x1152.jpg 1536w\" sizes=\"auto, (max-width: 2560px) 100vw, 2560px\" \/>\t\t\t\t\t\t\t\t\t\t\t\t\t\t\t<\/div>\n\t\t\t\t<\/div>\n\t\t\t\t\t<\/div>\n\t\t<\/div>\n\t\t\t\t\t\t\t<\/div>\n\t\t<\/section>\n\t\t\t\t<div class=\"elementor-element elementor-element-837ff08 elementor-widget__width-initial elementor-absolute elementor-widget elementor-widget-image\" data-id=\"837ff08\" data-element_type=\"widget\" data-settings=\"{&quot;_position&quot;:&quot;absolute&quot;}\" data-widget_type=\"image.default\">\n\t\t\t\t<div class=\"elementor-widget-container\">\n\t\t\t\t\t\t\t\t\t\t\t\t\t\t\t<img loading=\"lazy\" decoding=\"async\" width=\"854\" height=\"659\" src=\"https:\/\/googov.mx\/wp-content\/uploads\/2023\/01\/hero-line-shape-2.png\" class=\"attachment-full size-full wp-image-1365\" alt=\"\" srcset=\"https:\/\/googov.mx\/wp-content\/uploads\/2023\/01\/hero-line-shape-2.png 854w, https:\/\/googov.mx\/wp-content\/uploads\/2023\/01\/hero-line-shape-2-300x231.png 300w, https:\/\/googov.mx\/wp-content\/uploads\/2023\/01\/hero-line-shape-2-768x593.png 768w\" sizes=\"auto, (max-width: 854px) 100vw, 854px\" \/>\t\t\t\t\t\t\t\t\t\t\t\t\t\t\t<\/div>\n\t\t\t\t<\/div>\n\t\t\t\t\t<\/div>\n\t\t<\/div>\n\t\t\t\t\t\t\t<\/div>\n\t\t<\/section>\n\t\t\t\t<section class=\"elementor-section elementor-top-section elementor-element elementor-element-fd433c9 elementor-section-content-middle elementor-section-boxed elementor-section-height-default elementor-section-height-default\" data-id=\"fd433c9\" data-element_type=\"section\">\n\t\t\t\t\t\t<div class=\"elementor-container elementor-column-gap-default\">\n\t\t\t\t\t<div class=\"elementor-column elementor-col-50 elementor-top-column elementor-element elementor-element-0939716 elementor-invisible\" data-id=\"0939716\" data-element_type=\"column\" data-settings=\"{&quot;animation&quot;:&quot;fadeInLeft&quot;}\">\n\t\t\t<div class=\"elementor-widget-wrap elementor-element-populated\">\n\t\t\t\t\t\t\t\t<div class=\"elementor-element elementor-element-18940a4 elementor-widget elementor-widget-image\" data-id=\"18940a4\" data-element_type=\"widget\" data-widget_type=\"image.default\">\n\t\t\t\t<div class=\"elementor-widget-container\">\n\t\t\t\t\t\t\t\t\t\t\t\t\t\t\t<img loading=\"lazy\" decoding=\"async\" width=\"610\" height=\"655\" src=\"https:\/\/googov.mx\/wp-content\/uploads\/2023\/01\/hero-it-solutions.jpg\" class=\"attachment-full size-full wp-image-1349\" alt=\"\" srcset=\"https:\/\/googov.mx\/wp-content\/uploads\/2023\/01\/hero-it-solutions.jpg 610w, https:\/\/googov.mx\/wp-content\/uploads\/2023\/01\/hero-it-solutions-279x300.jpg 279w\" sizes=\"auto, (max-width: 610px) 100vw, 610px\" \/>\t\t\t\t\t\t\t\t\t\t\t\t\t\t\t<\/div>\n\t\t\t\t<\/div>\n\t\t\t\t<div class=\"elementor-element elementor-element-8bbe489 elementor-widget__width-auto elementor-absolute jeena-floating-on elementor-widget elementor-widget-image\" data-id=\"8bbe489\" data-element_type=\"widget\" data-settings=\"{&quot;_position&quot;:&quot;absolute&quot;}\" data-widget_type=\"image.default\">\n\t\t\t\t<div class=\"elementor-widget-container\">\n\t\t\t\t\t\t\t\t\t\t\t\t\t\t\t<img loading=\"lazy\" decoding=\"async\" width=\"405\" height=\"405\" src=\"https:\/\/googov.mx\/wp-content\/uploads\/2022\/12\/about-circle.png\" class=\"attachment-full size-full wp-image-357\" alt=\"\" srcset=\"https:\/\/googov.mx\/wp-content\/uploads\/2022\/12\/about-circle.png 405w, https:\/\/googov.mx\/wp-content\/uploads\/2022\/12\/about-circle-300x300.png 300w, https:\/\/googov.mx\/wp-content\/uploads\/2022\/12\/about-circle-150x150.png 150w, https:\/\/googov.mx\/wp-content\/uploads\/2022\/12\/about-circle-220x220.png 220w\" sizes=\"auto, (max-width: 405px) 100vw, 405px\" \/>\t\t\t\t\t\t\t\t\t\t\t\t\t\t\t<\/div>\n\t\t\t\t<\/div>\n\t\t\t\t\t<\/div>\n\t\t<\/div>\n\t\t\t\t<div class=\"elementor-column elementor-col-50 elementor-top-column elementor-element elementor-element-fb4c9e5 elementor-invisible\" data-id=\"fb4c9e5\" data-element_type=\"column\" data-settings=\"{&quot;animation&quot;:&quot;fadeInRight&quot;}\">\n\t\t\t<div class=\"elementor-widget-wrap elementor-element-populated\">\n\t\t\t\t\t\t\t\t<div class=\"elementor-element elementor-element-281ff56 elementor-widget elementor-widget-jeena-advanced-heading\" data-id=\"281ff56\" data-element_type=\"widget\" data-widget_type=\"jeena-advanced-heading.default\">\n\t\t\t\t<div class=\"elementor-widget-container\">\n\t\t\t        <div class=\"jeena-advanced-heading\">\r\n                        <div class=\"subheading\">\r\n                <span >Googov<\/span>            <\/div>\r\n                        <h3 class=\"main-heading\"><span class=\"main-text\">NUESTRA MISI\u00d3N<\/span><\/h3>        <\/div>\r\n        \t\t<\/div>\n\t\t\t\t<\/div>\n\t\t\t\t<div class=\"elementor-element elementor-element-280825f elementor-widget elementor-widget-text-editor\" data-id=\"280825f\" data-element_type=\"widget\" data-widget_type=\"text-editor.default\">\n\t\t\t\t<div class=\"elementor-widget-container\">\n\t\t\t\t\t\t\t<div class=\"hJDwNd-AhqUyc-qWD73c Ft7HRd-AhqUyc-qWD73c purZT-AhqUyc-II5mzb ZcASvf-AhqUyc-II5mzb pSzOP-AhqUyc-qWD73c Ktthjf-AhqUyc-qWD73c JNdkSc SQVYQc\"><div class=\"JNdkSc-SmKAyb LkDMRd\"><div class=\"\"><div class=\"oKdM2c ZZyype Kzv0Me\"><div id=\"h.57e86fb38005ca25_20\" class=\"hJDwNd-AhqUyc-qWD73c Ft7HRd-AhqUyc-qWD73c jXK9ad D2fZ2 zu5uec OjCsFc dmUFtb wHaque g5GTcb\"><div class=\"jXK9ad-SmKAyb\"><div class=\"tyJCtd mGzaTb Depvyb baZpAe\"><p class=\"zfr3Q CDt4Ke \" dir=\"ltr\"><span class=\"J3nsZ C9DxTc \"><span class=\"gBYvFf C9DxTc \">Liderar la innovaci\u00f3n en la industria, proporcionando soluciones tecnol\u00f3gicas y estrat\u00e9gicas que impulsen el crecimiento y el \u00e9xito sostenible de nuestros clientes. Buscamos ser parte de su estrategia en su transformaci\u00f3n digital y desarrollo empresarial<\/span><span class=\"C9DxTc \">.<\/span><span class=\"C9DxTc \">\u00a0<\/span><\/span><\/p><\/div><\/div><\/div><\/div><\/div><\/div><\/div><div class=\"hJDwNd-AhqUyc-qWD73c Ft7HRd-AhqUyc-qWD73c purZT-AhqUyc-II5mzb ZcASvf-AhqUyc-II5mzb pSzOP-AhqUyc-qWD73c Ktthjf-AhqUyc-qWD73c JNdkSc SQVYQc\"><div class=\"JNdkSc-SmKAyb LkDMRd\"><div class=\"\"><div class=\"oKdM2c ZZyype Kzv0Me\"><div id=\"h.57e86fb38005ca25_88\" class=\"hJDwNd-AhqUyc-qWD73c Ft7HRd-AhqUyc-qWD73c jXK9ad D2fZ2 zu5uec OjCsFc dmUFtb wHaque g5GTcb\"><div class=\"jXK9ad-SmKAyb\"><div class=\"tyJCtd baZpAe\">\u00a0<\/div><\/div><\/div><\/div><\/div><\/div><\/div>\t\t\t\t\t\t<\/div>\n\t\t\t\t<\/div>\n\t\t\t\t\t<\/div>\n\t\t<\/div>\n\t\t\t\t\t\t\t<\/div>\n\t\t<\/section>\n\t\t\t\t<section class=\"elementor-section elementor-top-section elementor-element elementor-element-79d11c5 elementor-section-boxed elementor-section-height-default elementor-section-height-default\" data-id=\"79d11c5\" data-element_type=\"section\">\n\t\t\t\t\t\t<div class=\"elementor-container elementor-column-gap-default\">\n\t\t\t\t\t<div class=\"elementor-column elementor-col-100 elementor-top-column elementor-element elementor-element-bfff472\" data-id=\"bfff472\" data-element_type=\"column\">\n\t\t\t<div class=\"elementor-widget-wrap elementor-element-populated\">\n\t\t\t\t\t\t\t\t<div class=\"elementor-element elementor-element-5435052 elementor-widget elementor-widget-jeena-advanced-heading\" data-id=\"5435052\" data-element_type=\"widget\" data-widget_type=\"jeena-advanced-heading.default\">\n\t\t\t\t<div class=\"elementor-widget-container\">\n\t\t\t        <div class=\"jeena-advanced-heading\">\r\n                        <div class=\"subheading\">\r\n                <span >Nosotros<\/span>            <\/div>\r\n                        <h3 class=\"main-heading\"><span class=\"main-text\">NOS CARACTERIZAMOS POR<\/span><\/h3>        <\/div>\r\n        \t\t<\/div>\n\t\t\t\t<\/div>\n\t\t\t\t\t<\/div>\n\t\t<\/div>\n\t\t\t\t\t\t\t<\/div>\n\t\t<\/section>\n\t\t\t\t<section class=\"elementor-section elementor-top-section elementor-element elementor-element-3cfad18 elementor-section-boxed elementor-section-height-default elementor-section-height-default\" data-id=\"3cfad18\" data-element_type=\"section\">\n\t\t\t\t\t\t<div class=\"elementor-container elementor-column-gap-default\">\n\t\t\t\t\t<div class=\"elementor-column elementor-col-33 elementor-top-column elementor-element elementor-element-78f703c\" data-id=\"78f703c\" data-element_type=\"column\">\n\t\t\t<div class=\"elementor-widget-wrap elementor-element-populated\">\n\t\t\t\t\t\t\t\t<div class=\"elementor-element elementor-element-f46ab21 elementor-widget elementor-widget-jeena-work-process-box\" data-id=\"f46ab21\" data-element_type=\"widget\" data-widget_type=\"jeena-work-process-box.default\">\n\t\t\t\t<div class=\"elementor-widget-container\">\n\t\t\t        <div class=\"jeena-work-process-box design-one text-left\">\r\n            <div class=\"process-counter\">01<\/div>            <div class=\"process-content\">\r\n                <h4 class=\"process-title\">CONSULTOR\u00cdA<\/h4><p class=\"process-description\">Somos tu socio estrat\u00e9gico, integramos nuestra trayectoria y el conocimiento, ofreciendo servicios especializados. \n\n<\/p>            <\/div>\r\n        <\/div>\r\n        \t\t<\/div>\n\t\t\t\t<\/div>\n\t\t\t\t\t<\/div>\n\t\t<\/div>\n\t\t\t\t<div class=\"elementor-column elementor-col-33 elementor-top-column elementor-element elementor-element-ce7bca3\" data-id=\"ce7bca3\" data-element_type=\"column\">\n\t\t\t<div class=\"elementor-widget-wrap elementor-element-populated\">\n\t\t\t\t\t\t\t\t<div class=\"elementor-element elementor-element-df23927 elementor-widget elementor-widget-jeena-work-process-box\" data-id=\"df23927\" data-element_type=\"widget\" data-widget_type=\"jeena-work-process-box.default\">\n\t\t\t\t<div class=\"elementor-widget-container\">\n\t\t\t        <div class=\"jeena-work-process-box design-one text-left\">\r\n            <div class=\"process-counter\">02<\/div>            <div class=\"process-content\">\r\n                <h4 class=\"process-title\">EFICIENCIA<\/h4><p class=\"process-description\">Enfocados en incrementar la eficiencia, optimizaci\u00f3n de  procesos,  aumentando  productividad y reducir de costos. \n\n<\/p>            <\/div>\r\n        <\/div>\r\n        \t\t<\/div>\n\t\t\t\t<\/div>\n\t\t\t\t\t<\/div>\n\t\t<\/div>\n\t\t\t\t<div class=\"elementor-column elementor-col-33 elementor-top-column elementor-element elementor-element-c0e8c95\" data-id=\"c0e8c95\" data-element_type=\"column\">\n\t\t\t<div class=\"elementor-widget-wrap elementor-element-populated\">\n\t\t\t\t\t\t\t\t<div class=\"elementor-element elementor-element-ae421d0 elementor-widget elementor-widget-jeena-work-process-box\" data-id=\"ae421d0\" data-element_type=\"widget\" data-widget_type=\"jeena-work-process-box.default\">\n\t\t\t\t<div class=\"elementor-widget-container\">\n\t\t\t        <div class=\"jeena-work-process-box design-one text-left\">\r\n            <div class=\"process-counter\">03<\/div>            <div class=\"process-content\">\r\n                <h4 class=\"process-title\">INNOVACI\u00d3N<\/h4><p class=\"process-description\">Innovaci\u00f3n esencial en nuestra identidad. Fomentamos creatividad para soluciones disruptivas en desaf\u00edos empresariales. \n\n<\/p>            <\/div>\r\n        <\/div>\r\n        \t\t<\/div>\n\t\t\t\t<\/div>\n\t\t\t\t\t<\/div>\n\t\t<\/div>\n\t\t\t\t\t\t\t<\/div>\n\t\t<\/section>\n\t\t\t\t\t\t\t<\/div>\n\t\t","protected":false},"excerpt":{"rendered":"<p>Goovov PASI\u00d3N POR LA INNOVACI\u00d3N \u00abNuestra pasi\u00f3n por la innovaci\u00f3n nos impulsa a colaborar con las organizaciones en la b\u00fasqueda de su transformaci\u00f3n \u00ab Googov NUESTRA MISI\u00d3N Liderar la innovaci\u00f3n en la industria, proporcionando soluciones tecnol\u00f3gicas y estrat\u00e9gicas que impulsen el crecimiento y el \u00e9xito sostenible de nuestros clientes. Buscamos ser parte de su estrategia [&hellip;]<\/p>\n","protected":false},"author":1,"featured_media":0,"parent":0,"menu_order":0,"comment_status":"closed","ping_status":"closed","template":"","meta":{"footnotes":""},"class_list":["post-316","page","type-page","status-publish","hentry"],"_links":{"self":[{"href":"https:\/\/googov.mx\/index.php?rest_route=\/wp\/v2\/pages\/316","targetHints":{"allow":["GET"]}}],"collection":[{"href":"https:\/\/googov.mx\/index.php?rest_route=\/wp\/v2\/pages"}],"about":[{"href":"https:\/\/googov.mx\/index.php?rest_route=\/wp\/v2\/types\/page"}],"author":[{"embeddable":true,"href":"https:\/\/googov.mx\/index.php?rest_route=\/wp\/v2\/users\/1"}],"replies":[{"embeddable":true,"href":"https:\/\/googov.mx\/index.php?rest_route=%2Fwp%2Fv2%2Fcomments&post=316"}],"version-history":[{"count":22,"href":"https:\/\/googov.mx\/index.php?rest_route=\/wp\/v2\/pages\/316\/revisions"}],"predecessor-version":[{"id":3053,"href":"https:\/\/googov.mx\/index.php?rest_route=\/wp\/v2\/pages\/316\/revisions\/3053"}],"wp:attachment":[{"href":"https:\/\/googov.mx\/index.php?rest_route=%2Fwp%2Fv2%2Fmedia&parent=316"}],"curies":[{"name":"wp","href":"https:\/\/api.w.org\/{rel}","templated":true}]}}