{"id":2134,"date":"2023-01-14T10:07:04","date_gmt":"2023-01-14T10:07:04","guid":{"rendered":"https:\/\/demo.webtend.net\/wp\/jeena\/?page_id=2134"},"modified":"2023-10-12T10:37:04","modified_gmt":"2023-10-12T08:37:04","slug":"about-us","status":"publish","type":"page","link":"https:\/\/googov.mx\/?page_id=2134","title":{"rendered":"Nosotros"},"content":{"rendered":"\t\t<div data-elementor-type=\"wp-page\" data-elementor-id=\"2134\" class=\"elementor elementor-2134\">\n\t\t\t\t\t\t\t\t\t<section class=\"elementor-section elementor-top-section elementor-element elementor-element-4ca0621 elementor-section-content-middle elementor-section-boxed elementor-section-height-default elementor-section-height-default\" data-id=\"4ca0621\" data-element_type=\"section\" data-settings=\"{&quot;background_background&quot;:&quot;classic&quot;}\">\n\t\t\t\t\t\t<div class=\"elementor-container elementor-column-gap-default\">\n\t\t\t\t\t<div class=\"elementor-column elementor-col-50 elementor-top-column elementor-element elementor-element-7619224\" data-id=\"7619224\" data-element_type=\"column\">\n\t\t\t<div class=\"elementor-widget-wrap elementor-element-populated\">\n\t\t\t\t\t\t\t\t<div class=\"elementor-element elementor-element-8c145de elementor-invisible elementor-widget elementor-widget-image\" data-id=\"8c145de\" data-element_type=\"widget\" data-settings=\"{&quot;_animation&quot;:&quot;fadeInUp&quot;,&quot;_animation_delay&quot;:250}\" data-widget_type=\"image.default\">\n\t\t\t\t<div class=\"elementor-widget-container\">\n\t\t\t<style>\/*! elementor - v3.16.0 - 09-10-2023 *\/\n.elementor-widget-image{text-align:center}.elementor-widget-image a{display:inline-block}.elementor-widget-image a img[src$=\".svg\"]{width:48px}.elementor-widget-image img{vertical-align:middle;display:inline-block}<\/style>\t\t\t\t\t\t\t\t\t\t\t\t<img loading=\"lazy\" decoding=\"async\" width=\"380\" height=\"480\" src=\"https:\/\/googov.mx\/wp-content\/uploads\/2023\/01\/about-five1.jpg\" class=\"attachment-large size-large wp-image-2363\" alt=\"\" srcset=\"https:\/\/googov.mx\/wp-content\/uploads\/2023\/01\/about-five1.jpg 380w, https:\/\/googov.mx\/wp-content\/uploads\/2023\/01\/about-five1-238x300.jpg 238w\" sizes=\"auto, (max-width: 380px) 100vw, 380px\" \/>\t\t\t\t\t\t\t\t\t\t\t\t\t\t\t<\/div>\n\t\t\t\t<\/div>\n\t\t\t\t<div class=\"elementor-element elementor-element-4b05f16 elementor-invisible elementor-widget elementor-widget-image\" data-id=\"4b05f16\" data-element_type=\"widget\" data-settings=\"{&quot;_animation&quot;:&quot;fadeInUp&quot;,&quot;_animation_delay&quot;:350}\" data-widget_type=\"image.default\">\n\t\t\t\t<div class=\"elementor-widget-container\">\n\t\t\t\t\t\t\t\t\t\t\t\t\t\t\t<img loading=\"lazy\" decoding=\"async\" width=\"1024\" height=\"476\" src=\"https:\/\/googov.mx\/wp-content\/uploads\/2023\/01\/project-details-min-1024x476.jpg\" class=\"attachment-large size-large wp-image-1983\" alt=\"\" srcset=\"https:\/\/googov.mx\/wp-content\/uploads\/2023\/01\/project-details-min-1024x476.jpg 1024w, https:\/\/googov.mx\/wp-content\/uploads\/2023\/01\/project-details-min-300x140.jpg 300w, https:\/\/googov.mx\/wp-content\/uploads\/2023\/01\/project-details-min-768x357.jpg 768w, https:\/\/googov.mx\/wp-content\/uploads\/2023\/01\/project-details-min.jpg 1290w\" sizes=\"auto, (max-width: 1024px) 100vw, 1024px\" \/>\t\t\t\t\t\t\t\t\t\t\t\t\t\t\t<\/div>\n\t\t\t\t<\/div>\n\t\t\t\t<div class=\"elementor-element elementor-element-6038e57 elementor-widget__width-auto elementor-absolute elementor-widget elementor-widget-image\" data-id=\"6038e57\" data-element_type=\"widget\" data-settings=\"{&quot;_position&quot;:&quot;absolute&quot;}\" data-widget_type=\"image.default\">\n\t\t\t\t<div class=\"elementor-widget-container\">\n\t\t\t\t\t\t\t\t\t\t\t\t\t\t\t<img loading=\"lazy\" decoding=\"async\" width=\"845\" height=\"777\" src=\"https:\/\/googov.mx\/wp-content\/uploads\/2023\/01\/slider3-min.jpg\" class=\"attachment-full size-full wp-image-1637\" alt=\"\" srcset=\"https:\/\/googov.mx\/wp-content\/uploads\/2023\/01\/slider3-min.jpg 845w, https:\/\/googov.mx\/wp-content\/uploads\/2023\/01\/slider3-min-300x276.jpg 300w, https:\/\/googov.mx\/wp-content\/uploads\/2023\/01\/slider3-min-768x706.jpg 768w\" sizes=\"auto, (max-width: 845px) 100vw, 845px\" \/>\t\t\t\t\t\t\t\t\t\t\t\t\t\t\t<\/div>\n\t\t\t\t<\/div>\n\t\t\t\t\t<\/div>\n\t\t<\/div>\n\t\t\t\t<div class=\"elementor-column elementor-col-50 elementor-top-column elementor-element elementor-element-d61695e\" data-id=\"d61695e\" data-element_type=\"column\">\n\t\t\t<div class=\"elementor-widget-wrap elementor-element-populated\">\n\t\t\t\t\t\t\t\t<div class=\"elementor-element elementor-element-838a6e7 elementor-widget elementor-widget-jeena-advanced-heading\" data-id=\"838a6e7\" data-element_type=\"widget\" data-widget_type=\"jeena-advanced-heading.default\">\n\t\t\t\t<div class=\"elementor-widget-container\">\n\t\t\t        <div class=\"jeena-advanced-heading\">\r\n                        <h3 class=\"main-heading\"><span class=\"main-text\">\u00bfQUI\u00c9NES SOMOS?<\/span><\/h3>        <\/div>\r\n        \t\t<\/div>\n\t\t\t\t<\/div>\n\t\t\t\t<div class=\"elementor-element elementor-element-2076d2e elementor-widget__width-initial elementor-widget-tablet_extra__width-initial elementor-invisible elementor-widget elementor-widget-jeena-info-box\" data-id=\"2076d2e\" data-element_type=\"widget\" data-settings=\"{&quot;_animation&quot;:&quot;fadeInUp&quot;,&quot;_animation_delay&quot;:300}\" data-widget_type=\"jeena-info-box.default\">\n\t\t\t\t<div class=\"elementor-widget-container\">\n\t\t\t        <div class=\"jeena-info-box text-left icon-top\">\r\n                        <div class=\"box-content\">\r\n                                <p class=\"description\">Somos una consultor\u00eda de negocios con una amplia trayectoria, participando con nuestros clientes en la definici\u00f3n y ejecuci\u00f3n de soluciones de vanguardia.\n\nNos enorgullece utilizar nuestro conocimiento y experiencia para brindar soluciones que generen un impacto positivo en el \u00e9xito de nuestros clientes.<\/p>                        <a class=\"read-more icon-right\" href=\"#\">\r\n                            <span ><\/span>\r\n                            <i aria-hidden=\"true\" class=\"fas fa-long-arrow-right\"><\/i>                        <\/a>\r\n                                    <\/div>\r\n                                <\/div>\r\n        \t\t<\/div>\n\t\t\t\t<\/div>\n\t\t\t\t\t<\/div>\n\t\t<\/div>\n\t\t\t\t\t\t\t<\/div>\n\t\t<\/section>\n\t\t\t\t<section class=\"elementor-section elementor-top-section elementor-element elementor-element-b660fd1 elementor-section-boxed elementor-section-height-default elementor-section-height-default\" data-id=\"b660fd1\" data-element_type=\"section\">\n\t\t\t\t\t\t<div class=\"elementor-container elementor-column-gap-default\">\n\t\t\t\t\t<div class=\"elementor-column elementor-col-100 elementor-top-column elementor-element elementor-element-264a56f\" data-id=\"264a56f\" data-element_type=\"column\">\n\t\t\t<div class=\"elementor-widget-wrap elementor-element-populated\">\n\t\t\t\t\t\t\t\t<div class=\"elementor-element elementor-element-914e61b elementor-invisible elementor-widget elementor-widget-jeena-clients-logo\" data-id=\"914e61b\" data-element_type=\"widget\" data-settings=\"{&quot;slides_per_view&quot;:&quot;5&quot;,&quot;slides_per_view_laptop&quot;:&quot;5&quot;,&quot;slides_per_view_tablet_extra&quot;:&quot;4&quot;,&quot;slides_per_view_tablet&quot;:&quot;3&quot;,&quot;_animation&quot;:&quot;fadeInUp&quot;,&quot;slides_per_view_mobile&quot;:2,&quot;slides_to_scroll&quot;:1,&quot;slides_to_scroll_laptop&quot;:1,&quot;slides_to_scroll_tablet_extra&quot;:1,&quot;slides_to_scroll_tablet&quot;:1,&quot;slides_to_scroll_mobile&quot;:1,&quot;speed&quot;:500,&quot;autoplay&quot;:&quot;yes&quot;,&quot;autoplay_speed&quot;:5000,&quot;loop&quot;:&quot;yes&quot;}\" data-widget_type=\"jeena-clients-logo.default\">\n\t\t\t\t<div class=\"elementor-widget-container\">\n\t\t\t        <div class=\"jeena-clients-logo jeena-slider-wrapper\">\r\n                            <div class=\"jeena-slider-active\">\r\n                                        <div class=\"jeena-slider-item\">\r\n                                <div class=\"logo-wrap\">\r\n            <img decoding=\"async\" src=\"https:\/\/googov.mx\/wp-content\/uploads\/2023\/10\/Captura-de-pantalla-2023-10-12-a-las-2.35.42.png\" title=\"Captura de pantalla 2023-10-12 a la(s) 2.35.42\" alt=\"Captura de pantalla 2023-10-12 a la(s) 2.35.42\" loading=\"lazy\" \/><a href=\"#\" class=\"item-url\"><\/a>        <\/div>\r\n                            <\/div>\r\n                                        <div class=\"jeena-slider-item\">\r\n                                <div class=\"logo-wrap\">\r\n            <img decoding=\"async\" src=\"https:\/\/googov.mx\/wp-content\/uploads\/2023\/10\/Captura-de-pantalla-2023-10-12-a-las-2.35.45.png\" title=\"Captura de pantalla 2023-10-12 a la(s) 2.35.45\" alt=\"Captura de pantalla 2023-10-12 a la(s) 2.35.45\" loading=\"lazy\" \/><a href=\"#\" class=\"item-url\"><\/a>        <\/div>\r\n                            <\/div>\r\n                                        <div class=\"jeena-slider-item\">\r\n                                <div class=\"logo-wrap\">\r\n            <img decoding=\"async\" src=\"https:\/\/googov.mx\/wp-content\/uploads\/2023\/10\/Captura-de-pantalla-2023-10-12-a-las-2.35.49.png\" title=\"Captura de pantalla 2023-10-12 a la(s) 2.35.49\" alt=\"Captura de pantalla 2023-10-12 a la(s) 2.35.49\" loading=\"lazy\" \/><a href=\"#\" class=\"item-url\"><\/a>        <\/div>\r\n                            <\/div>\r\n                                        <div class=\"jeena-slider-item\">\r\n                                <div class=\"logo-wrap\">\r\n            <img decoding=\"async\" src=\"https:\/\/googov.mx\/wp-content\/uploads\/2023\/10\/Captura-de-pantalla-2023-10-12-a-las-2.35.52.png\" title=\"Captura de pantalla 2023-10-12 a la(s) 2.35.52\" alt=\"Captura de pantalla 2023-10-12 a la(s) 2.35.52\" loading=\"lazy\" \/><a href=\"#\" class=\"item-url\"><\/a>        <\/div>\r\n                            <\/div>\r\n                                        <div class=\"jeena-slider-item\">\r\n                                <div class=\"logo-wrap\">\r\n            <img decoding=\"async\" src=\"https:\/\/googov.mx\/wp-content\/uploads\/2023\/10\/Captura-de-pantalla-2023-10-12-a-las-2.35.56.png\" title=\"Captura de pantalla 2023-10-12 a la(s) 2.35.56\" alt=\"Captura de pantalla 2023-10-12 a la(s) 2.35.56\" loading=\"lazy\" \/><a href=\"#\" class=\"item-url\"><\/a>        <\/div>\r\n                            <\/div>\r\n                                    <\/div>\r\n\r\n                \r\n                \r\n                    <\/div>\r\n        \t\t<\/div>\n\t\t\t\t<\/div>\n\t\t\t\t\t<\/div>\n\t\t<\/div>\n\t\t\t\t\t\t\t<\/div>\n\t\t<\/section>\n\t\t\t\t\t\t\t<\/div>\n\t\t","protected":false},"excerpt":{"rendered":"<p>\u00bfQUI\u00c9NES SOMOS? Somos una consultor\u00eda de negocios con una amplia trayectoria, participando con nuestros clientes en la definici\u00f3n y ejecuci\u00f3n de soluciones de vanguardia. Nos enorgullece utilizar nuestro conocimiento y experiencia para brindar soluciones que generen un impacto positivo en el \u00e9xito de nuestros clientes.<\/p>\n","protected":false},"author":1,"featured_media":0,"parent":0,"menu_order":0,"comment_status":"closed","ping_status":"closed","template":"","meta":{"footnotes":""},"class_list":["post-2134","page","type-page","status-publish","hentry"],"_links":{"self":[{"href":"https:\/\/googov.mx\/index.php?rest_route=\/wp\/v2\/pages\/2134","targetHints":{"allow":["GET"]}}],"collection":[{"href":"https:\/\/googov.mx\/index.php?rest_route=\/wp\/v2\/pages"}],"about":[{"href":"https:\/\/googov.mx\/index.php?rest_route=\/wp\/v2\/types\/page"}],"author":[{"embeddable":true,"href":"https:\/\/googov.mx\/index.php?rest_route=\/wp\/v2\/users\/1"}],"replies":[{"embeddable":true,"href":"https:\/\/googov.mx\/index.php?rest_route=%2Fwp%2Fv2%2Fcomments&post=2134"}],"version-history":[{"count":5,"href":"https:\/\/googov.mx\/index.php?rest_route=\/wp\/v2\/pages\/2134\/revisions"}],"predecessor-version":[{"id":3073,"href":"https:\/\/googov.mx\/index.php?rest_route=\/wp\/v2\/pages\/2134\/revisions\/3073"}],"wp:attachment":[{"href":"https:\/\/googov.mx\/index.php?rest_route=%2Fwp%2Fv2%2Fmedia&parent=2134"}],"curies":[{"name":"wp","href":"https:\/\/api.w.org\/{rel}","templated":true}]}}